{"id":16,"date":"2024-07-19T16:14:25","date_gmt":"2024-07-19T14:14:25","guid":{"rendered":"http:\/\/bmwmotor.pl\/?page_id=16"},"modified":"2024-07-19T16:32:19","modified_gmt":"2024-07-19T14:32:19","slug":"home","status":"publish","type":"page","link":"https:\/\/bmwmotor.pl\/","title":{"rendered":"Home"},"content":{"rendered":"\t\t<div data-elementor-type=\"wp-page\" data-elementor-id=\"16\" class=\"elementor elementor-16\">\n\t\t\t\t<div class=\"elementor-element elementor-element-f3685c7 e-flex e-con-boxed e-con e-parent\" data-id=\"f3685c7\" data-element_type=\"container\">\n\t\t\t\t\t<div class=\"e-con-inner\">\n\t\t<div class=\"elementor-element elementor-element-6783062 e-con-full e-flex e-con e-child\" data-id=\"6783062\" data-element_type=\"container\" data-settings=\"{&quot;background_background&quot;:&quot;classic&quot;}\">\n\t\t<div class=\"elementor-element elementor-element-36ef6d2 e-con-full e-flex e-con e-child\" data-id=\"36ef6d2\" data-element_type=\"container\">\n\t\t\t\t<div class=\"elementor-element elementor-element-dd0dad9 elementor-widget elementor-widget-text-editor\" data-id=\"dd0dad9\" data-element_type=\"widget\" data-widget_type=\"text-editor.default\">\n\t\t\t\t<div class=\"elementor-widget-container\">\n\t\t\t<style>\/*! elementor - v3.23.0 - 15-07-2024 *\/\n.elementor-widget-text-editor.elementor-drop-cap-view-stacked .elementor-drop-cap{background-color:#69727d;color:#fff}.elementor-widget-text-editor.elementor-drop-cap-view-framed .elementor-drop-cap{color:#69727d;border:3px solid;background-color:transparent}.elementor-widget-text-editor:not(.elementor-drop-cap-view-default) .elementor-drop-cap{margin-top:8px}.elementor-widget-text-editor:not(.elementor-drop-cap-view-default) .elementor-drop-cap-letter{width:1em;height:1em}.elementor-widget-text-editor .elementor-drop-cap{float:left;text-align:center;line-height:1;font-size:50px}.elementor-widget-text-editor .elementor-drop-cap-letter{display:inline-block}<\/style>\t\t\t\t<strong>Szanowni klienci,\n<\/strong>\t\t\t\t\t\t<\/div>\n\t\t\t\t<\/div>\n\t\t\t\t<div class=\"elementor-element elementor-element-32b97bd elementor-widget elementor-widget-text-editor\" data-id=\"32b97bd\" data-element_type=\"widget\" data-widget_type=\"text-editor.default\">\n\t\t\t\t<div class=\"elementor-widget-container\">\n\t\t\t\t\t\t\tInformujemy, \u017ce sklep bmwmotor.pl jest w trakcie przebudowy.\t\t\t\t\t\t<\/div>\n\t\t\t\t<\/div>\n\t\t\t\t<\/div>\n\t\t\t\t<div class=\"elementor-element elementor-element-215e488 elementor-widget elementor-widget-text-editor\" data-id=\"215e488\" data-element_type=\"widget\" data-widget_type=\"text-editor.default\">\n\t\t\t\t<div class=\"elementor-widget-container\">\n\t\t\t\t\t\t\t<p>Zam\u00f3wienia i zapytania prosimy kierowa\u0107 na adres mailowy:<\/p>\t\t\t\t\t\t<\/div>\n\t\t\t\t<\/div>\n\t\t<div class=\"elementor-element elementor-element-c3a60ea e-con-full e-flex e-con e-child\" data-id=\"c3a60ea\" data-element_type=\"container\">\n\t\t\t\t<div class=\"elementor-element elementor-element-a778870 elementor-widget elementor-widget-text-editor\" data-id=\"a778870\" data-element_type=\"widget\" data-widget_type=\"text-editor.default\">\n\t\t\t\t<div class=\"elementor-widget-container\">\n\t\t\t\t\t\t\t\nsklep@bmwmotor.pl\t\t\t\t\t\t<\/div>\n\t\t\t\t<\/div>\n\t\t\t\t<\/div>\n\t\t\t\t<\/div>\n\t\t\t\t\t<\/div>\n\t\t\t\t<\/div>\n\t\t\t\t<\/div>\n\t\t","protected":false},"excerpt":{"rendered":"<p>Szanowni klienci, Informujemy, \u017ce sklep bmwmotor.pl jest w trakcie przebudowy. Zam\u00f3wienia i zapytania prosimy kierowa\u0107 na adres mailowy: sklep@bmwmotor.pl<\/p>\n","protected":false},"author":1,"featured_media":0,"parent":0,"menu_order":0,"comment_status":"closed","ping_status":"closed","template":"elementor_header_footer","meta":{"footnotes":""},"class_list":["post-16","page","type-page","status-publish","hentry"],"_links":{"self":[{"href":"https:\/\/bmwmotor.pl\/index.php?rest_route=\/wp\/v2\/pages\/16","targetHints":{"allow":["GET"]}}],"collection":[{"href":"https:\/\/bmwmotor.pl\/index.php?rest_route=\/wp\/v2\/pages"}],"about":[{"href":"https:\/\/bmwmotor.pl\/index.php?rest_route=\/wp\/v2\/types\/page"}],"author":[{"embeddable":true,"href":"https:\/\/bmwmotor.pl\/index.php?rest_route=\/wp\/v2\/users\/1"}],"replies":[{"embeddable":true,"href":"https:\/\/bmwmotor.pl\/index.php?rest_route=%2Fwp%2Fv2%2Fcomments&post=16"}],"version-history":[{"count":10,"href":"https:\/\/bmwmotor.pl\/index.php?rest_route=\/wp\/v2\/pages\/16\/revisions"}],"predecessor-version":[{"id":28,"href":"https:\/\/bmwmotor.pl\/index.php?rest_route=\/wp\/v2\/pages\/16\/revisions\/28"}],"wp:attachment":[{"href":"https:\/\/bmwmotor.pl\/index.php?rest_route=%2Fwp%2Fv2%2Fmedia&parent=16"}],"curies":[{"name":"wp","href":"https:\/\/api.w.org\/{rel}","templated":true}]}}